{"id":266507,"date":"2025-12-19T02:04:59","date_gmt":"2025-12-19T02:04:59","guid":{"rendered":"https:\/\/livrariaferreira.pt\/produto\/invocacao-ao-meu-corpo-ensaio-com-um-post-scriptum-sobre-a-revolucao-estudantil\/"},"modified":"2026-01-08T12:21:35","modified_gmt":"2026-01-08T12:21:35","slug":"invocacao-ao-meu-corpo-ensaio-com-um-post-scriptum-sobre-a-revolucao-estudantil","status":"publish","type":"product","link":"https:\/\/livrariaferreira.pt\/en\/produto\/invocacao-ao-meu-corpo-ensaio-com-um-post-scriptum-sobre-a-revolucao-estudantil\/","title":{"rendered":"INVOCA\u00c7AO AO MEU CORPO. Ensaio com um Post-Scriptum sobre a Revolu\u00e7\u00e3o Estudantil"},"content":{"rendered":"","protected":false},"excerpt":{"rendered":"","protected":false},"featured_media":192576,"comment_status":"closed","ping_status":"closed","template":"","meta":{"_acf_changed":false},"autor":[33500],"boletim-tematico":[32991],"product_brand":[],"product_cat":[37587,37601],"product_tag":[37696,37604],"etiqueta_catalogo":[],"class_list":{"0":"post-266507","1":"product","2":"type-product","3":"status-publish","4":"has-post-thumbnail","6":"autor-ferreira-vergilio","7":"boletim-tematico-literatura-portuguesa-sec-xx","8":"product_cat-historia-e-memorias","9":"product_cat-literatura","10":"product_tag-biografia","11":"product_tag-literatura-portuguesa","13":"first","14":"instock","15":"purchasable","16":"product-type-simple"},"acf":[],"_links":{"self":[{"href":"https:\/\/livrariaferreira.pt\/en\/wp-json\/wp\/v2\/product\/266507","targetHints":{"allow":["GET"]}}],"collection":[{"href":"https:\/\/livrariaferreira.pt\/en\/wp-json\/wp\/v2\/product"}],"about":[{"href":"https:\/\/livrariaferreira.pt\/en\/wp-json\/wp\/v2\/types\/product"}],"replies":[{"embeddable":true,"href":"https:\/\/livrariaferreira.pt\/en\/wp-json\/wp\/v2\/comments?post=266507"}],"wp:featuredmedia":[{"embeddable":true,"href":"https:\/\/livrariaferreira.pt\/en\/wp-json\/wp\/v2\/media\/192576"}],"wp:attachment":[{"href":"https:\/\/livrariaferreira.pt\/en\/wp-json\/wp\/v2\/media?parent=266507"}],"wp:term":[{"taxonomy":"autor","embeddable":true,"href":"https:\/\/livrariaferreira.pt\/en\/wp-json\/wp\/v2\/autor?post=266507"},{"taxonomy":"boletim-tematico","embeddable":true,"href":"https:\/\/livrariaferreira.pt\/en\/wp-json\/wp\/v2\/boletim-tematico?post=266507"},{"taxonomy":"product_brand","embeddable":true,"href":"https:\/\/livrariaferreira.pt\/en\/wp-json\/wp\/v2\/product_brand?post=266507"},{"taxonomy":"product_cat","embeddable":true,"href":"https:\/\/livrariaferreira.pt\/en\/wp-json\/wp\/v2\/product_cat?post=266507"},{"taxonomy":"product_tag","embeddable":true,"href":"https:\/\/livrariaferreira.pt\/en\/wp-json\/wp\/v2\/product_tag?post=266507"},{"taxonomy":"etiqueta_catalogo","embeddable":true,"href":"https:\/\/livrariaferreira.pt\/en\/wp-json\/wp\/v2\/etiqueta_catalogo?post=266507"}],"curies":[{"name":"wp","href":"https:\/\/api.w.org\/{rel}","templated":true}]}}