{"id":265970,"date":"2025-12-19T03:02:43","date_gmt":"2025-12-19T03:02:43","guid":{"rendered":"https:\/\/livrariaferreira.pt\/produto\/alvara-com-forca-de-lei-pelo-qual-vossa-magestade-ha-por-bem-criar-uma-brigada-real-de-marinha-para-a-guarnicao-das-naos-e-mais-embarcacoes-de-guerra\/"},"modified":"2026-01-08T12:56:07","modified_gmt":"2026-01-08T12:56:07","slug":"alvara-com-forca-de-lei-pelo-qual-vossa-magestade-ha-por-bem-criar-uma-brigada-real-de-marinha-para-a-guarnicao-das-naos-e-mais-embarcacoes-de-guerra","status":"publish","type":"product","link":"https:\/\/livrariaferreira.pt\/en\/produto\/alvara-com-forca-de-lei-pelo-qual-vossa-magestade-ha-por-bem-criar-uma-brigada-real-de-marinha-para-a-guarnicao-das-naos-e-mais-embarcacoes-de-guerra\/","title":{"rendered":"Alvara com for\u00e7a de Lei pelo qual Vossa Magestade ha por bem criar uma Brigada Real de Marinha para a guarni\u00e7\u00e3o das N\u00e1os, e mais Embarca\u00e7\u00f5es de Guerra"},"content":{"rendered":"","protected":false},"excerpt":{"rendered":"","protected":false},"featured_media":248234,"comment_status":"closed","ping_status":"closed","template":"","meta":{"_acf_changed":false},"autor":[36080],"boletim-tematico":[],"product_brand":[],"product_cat":[37615,37587],"product_tag":[37626,37627,37616,37628],"etiqueta_catalogo":[],"class_list":{"0":"post-265970","1":"product","2":"type-product","3":"status-publish","4":"has-post-thumbnail","6":"autor-alvara-com-forca-de-lei-pelo-qual-vossa-magestade-ha-por-bem-criar-uma-brigada-real-de-marinha-para-a-guarnicao-das-naos-e-mais-embarcacoes-de-guerra","7":"product_cat-direito-jurisprudencia-legislacao-e-administracao","8":"product_cat-historia-e-memorias","9":"product_tag-administracao-publica-ou-privada","10":"product_tag-assuntos-militares","11":"product_tag-d-maria-i","12":"product_tag-marinha","14":"first","15":"instock","16":"purchasable","17":"product-type-simple"},"acf":[],"_links":{"self":[{"href":"https:\/\/livrariaferreira.pt\/en\/wp-json\/wp\/v2\/product\/265970","targetHints":{"allow":["GET"]}}],"collection":[{"href":"https:\/\/livrariaferreira.pt\/en\/wp-json\/wp\/v2\/product"}],"about":[{"href":"https:\/\/livrariaferreira.pt\/en\/wp-json\/wp\/v2\/types\/product"}],"replies":[{"embeddable":true,"href":"https:\/\/livrariaferreira.pt\/en\/wp-json\/wp\/v2\/comments?post=265970"}],"wp:featuredmedia":[{"embeddable":true,"href":"https:\/\/livrariaferreira.pt\/en\/wp-json\/wp\/v2\/media\/248234"}],"wp:attachment":[{"href":"https:\/\/livrariaferreira.pt\/en\/wp-json\/wp\/v2\/media?parent=265970"}],"wp:term":[{"taxonomy":"autor","embeddable":true,"href":"https:\/\/livrariaferreira.pt\/en\/wp-json\/wp\/v2\/autor?post=265970"},{"taxonomy":"boletim-tematico","embeddable":true,"href":"https:\/\/livrariaferreira.pt\/en\/wp-json\/wp\/v2\/boletim-tematico?post=265970"},{"taxonomy":"product_brand","embeddable":true,"href":"https:\/\/livrariaferreira.pt\/en\/wp-json\/wp\/v2\/product_brand?post=265970"},{"taxonomy":"product_cat","embeddable":true,"href":"https:\/\/livrariaferreira.pt\/en\/wp-json\/wp\/v2\/product_cat?post=265970"},{"taxonomy":"product_tag","embeddable":true,"href":"https:\/\/livrariaferreira.pt\/en\/wp-json\/wp\/v2\/product_tag?post=265970"},{"taxonomy":"etiqueta_catalogo","embeddable":true,"href":"https:\/\/livrariaferreira.pt\/en\/wp-json\/wp\/v2\/etiqueta_catalogo?post=265970"}],"curies":[{"name":"wp","href":"https:\/\/api.w.org\/{rel}","templated":true}]}}