{"id":265743,"date":"2026-02-25T17:25:02","date_gmt":"2026-02-25T17:25:02","guid":{"rendered":"https:\/\/livrariaferreira.pt\/produto\/alvara-de-declaracao-e-ampliacao-por-que-vossa-magestade-ha-por-bem-pelos-motivo\/"},"modified":"2026-02-25T17:25:09","modified_gmt":"2026-02-25T17:25:09","slug":"alvara-de-declaracao-e-ampliacao-por-que-vossa-magestade-ha-por-bem-pelos-motivo","status":"publish","type":"product","link":"https:\/\/livrariaferreira.pt\/en\/produto\/alvara-de-declaracao-e-ampliacao-por-que-vossa-magestade-ha-por-bem-pelos-motivo\/","title":{"rendered":"Alvara de Declara\u00e7ao e Amplia\u00e7\u00e3o por que Vossa Magestade ha por bem pelos motivo"},"content":{"rendered":"","protected":false},"excerpt":{"rendered":"","protected":false},"featured_media":247550,"comment_status":"closed","ping_status":"open","template":"","meta":{"_acf_changed":false},"autor":[36749],"boletim-tematico":[],"product_brand":[],"product_cat":[37615,37586,37587],"product_tag":[37626,37602,37774,37616,37617,37775,37744],"etiqueta_catalogo":[],"class_list":{"0":"post-265743","1":"product","2":"type-product","3":"status-publish","4":"has-post-thumbnail","6":"autor-alvara-de-declaracao-e-ampliacao-por-que-vossa-magestade-ha-por-bem-pelos-motivo","7":"product_cat-direito-jurisprudencia-legislacao-e-administracao","8":"product_cat-geografia-viagens-e-localidades-2","9":"product_cat-historia-e-memorias","10":"product_tag-administracao-publica-ou-privada","11":"product_tag-brasil-colonial","12":"product_tag-companhia-geral-das-vinhas-do-alto-douro","13":"product_tag-d-maria-i","14":"product_tag-direito-e-jurisprudencia","15":"product_tag-douro-regiao","16":"product_tag-vinhos","18":"first","19":"instock","20":"purchasable","21":"product-type-simple"},"acf":[],"_links":{"self":[{"href":"https:\/\/livrariaferreira.pt\/en\/wp-json\/wp\/v2\/product\/265743","targetHints":{"allow":["GET"]}}],"collection":[{"href":"https:\/\/livrariaferreira.pt\/en\/wp-json\/wp\/v2\/product"}],"about":[{"href":"https:\/\/livrariaferreira.pt\/en\/wp-json\/wp\/v2\/types\/product"}],"replies":[{"embeddable":true,"href":"https:\/\/livrariaferreira.pt\/en\/wp-json\/wp\/v2\/comments?post=265743"}],"wp:featuredmedia":[{"embeddable":true,"href":"https:\/\/livrariaferreira.pt\/en\/wp-json\/wp\/v2\/media\/247550"}],"wp:attachment":[{"href":"https:\/\/livrariaferreira.pt\/en\/wp-json\/wp\/v2\/media?parent=265743"}],"wp:term":[{"taxonomy":"autor","embeddable":true,"href":"https:\/\/livrariaferreira.pt\/en\/wp-json\/wp\/v2\/autor?post=265743"},{"taxonomy":"boletim-tematico","embeddable":true,"href":"https:\/\/livrariaferreira.pt\/en\/wp-json\/wp\/v2\/boletim-tematico?post=265743"},{"taxonomy":"product_brand","embeddable":true,"href":"https:\/\/livrariaferreira.pt\/en\/wp-json\/wp\/v2\/product_brand?post=265743"},{"taxonomy":"product_cat","embeddable":true,"href":"https:\/\/livrariaferreira.pt\/en\/wp-json\/wp\/v2\/product_cat?post=265743"},{"taxonomy":"product_tag","embeddable":true,"href":"https:\/\/livrariaferreira.pt\/en\/wp-json\/wp\/v2\/product_tag?post=265743"},{"taxonomy":"etiqueta_catalogo","embeddable":true,"href":"https:\/\/livrariaferreira.pt\/en\/wp-json\/wp\/v2\/etiqueta_catalogo?post=265743"}],"curies":[{"name":"wp","href":"https:\/\/api.w.org\/{rel}","templated":true}]}}