{"id":265598,"date":"2025-12-19T01:51:01","date_gmt":"2025-12-19T01:51:01","guid":{"rendered":"https:\/\/livrariaferreira.pt\/produto\/dancas-folcloricas-brasileiras-e-suas-aplicacoes-educativas\/"},"modified":"2026-01-08T12:13:23","modified_gmt":"2026-01-08T12:13:23","slug":"dancas-folcloricas-brasileiras-e-suas-aplicacoes-educativas","status":"publish","type":"product","link":"https:\/\/livrariaferreira.pt\/en\/produto\/dancas-folcloricas-brasileiras-e-suas-aplicacoes-educativas\/","title":{"rendered":"DAN\u00c7AS FOLCLORICAS BRASILEIRAS e suas aplica\u00e7\u00f5es educativas"},"content":{"rendered":"","protected":false},"excerpt":{"rendered":"","protected":false},"featured_media":265599,"comment_status":"closed","ping_status":"closed","template":"","meta":{"_acf_changed":false},"autor":[33266],"boletim-tematico":[],"product_brand":[],"product_cat":[37586,37587],"product_tag":[38443,37892,38381,37732,37634,37733],"etiqueta_catalogo":[],"class_list":{"0":"post-265598","1":"product","2":"type-product","3":"status-publish","4":"has-post-thumbnail","6":"autor-giffoni-maria-amalia-correia","7":"product_cat-geografia-viagens-e-localidades-2","8":"product_cat-historia-e-memorias","9":"product_tag-artes-performativas","10":"product_tag-brasil-republicano","11":"product_tag-danca","12":"product_tag-educacao-instruccao","13":"product_tag-etnografia","14":"product_tag-instruccao-educacao","16":"first","17":"instock","18":"purchasable","19":"product-type-simple"},"acf":[],"_links":{"self":[{"href":"https:\/\/livrariaferreira.pt\/en\/wp-json\/wp\/v2\/product\/265598","targetHints":{"allow":["GET"]}}],"collection":[{"href":"https:\/\/livrariaferreira.pt\/en\/wp-json\/wp\/v2\/product"}],"about":[{"href":"https:\/\/livrariaferreira.pt\/en\/wp-json\/wp\/v2\/types\/product"}],"replies":[{"embeddable":true,"href":"https:\/\/livrariaferreira.pt\/en\/wp-json\/wp\/v2\/comments?post=265598"}],"wp:featuredmedia":[{"embeddable":true,"href":"https:\/\/livrariaferreira.pt\/en\/wp-json\/wp\/v2\/media\/265599"}],"wp:attachment":[{"href":"https:\/\/livrariaferreira.pt\/en\/wp-json\/wp\/v2\/media?parent=265598"}],"wp:term":[{"taxonomy":"autor","embeddable":true,"href":"https:\/\/livrariaferreira.pt\/en\/wp-json\/wp\/v2\/autor?post=265598"},{"taxonomy":"boletim-tematico","embeddable":true,"href":"https:\/\/livrariaferreira.pt\/en\/wp-json\/wp\/v2\/boletim-tematico?post=265598"},{"taxonomy":"product_brand","embeddable":true,"href":"https:\/\/livrariaferreira.pt\/en\/wp-json\/wp\/v2\/product_brand?post=265598"},{"taxonomy":"product_cat","embeddable":true,"href":"https:\/\/livrariaferreira.pt\/en\/wp-json\/wp\/v2\/product_cat?post=265598"},{"taxonomy":"product_tag","embeddable":true,"href":"https:\/\/livrariaferreira.pt\/en\/wp-json\/wp\/v2\/product_tag?post=265598"},{"taxonomy":"etiqueta_catalogo","embeddable":true,"href":"https:\/\/livrariaferreira.pt\/en\/wp-json\/wp\/v2\/etiqueta_catalogo?post=265598"}],"curies":[{"name":"wp","href":"https:\/\/api.w.org\/{rel}","templated":true}]}}