{"id":265280,"date":"2025-12-19T02:10:52","date_gmt":"2025-12-19T02:10:52","guid":{"rendered":"https:\/\/livrariaferreira.pt\/produto\/museu-machado-de-castro-seccao-de-tecidos-bordados-tapecarias-e-tapetes\/"},"modified":"2026-01-08T12:25:07","modified_gmt":"2026-01-08T12:25:07","slug":"museu-machado-de-castro-seccao-de-tecidos-bordados-tapecarias-e-tapetes","status":"publish","type":"product","link":"https:\/\/livrariaferreira.pt\/en\/produto\/museu-machado-de-castro-seccao-de-tecidos-bordados-tapecarias-e-tapetes\/","title":{"rendered":"MUSEU MACHADO DE CASTRO. Sec\u00e7\u00e3o de Tecidos Bordados Tape\u00e7arias e Tapetes"},"content":{"rendered":"","protected":false},"excerpt":{"rendered":"","protected":false},"featured_media":192811,"comment_status":"closed","ping_status":"closed","template":"","meta":{"_acf_changed":false},"autor":[34301],"boletim-tematico":[33032],"product_brand":[],"product_cat":[37609,37586,37587],"product_tag":[37809,37803,38581,37622,37588,37589,37623,37624,38702],"etiqueta_catalogo":[],"class_list":{"0":"post-265280","1":"product","2":"type-product","3":"status-publish","4":"has-post-thumbnail","6":"autor-goncalves-antonio-nogueira","7":"boletim-tematico-arte-portuguesa-catalogos-de-exposicoes","8":"product_cat-artes-religioes-e-culturas-2","9":"product_cat-geografia-viagens-e-localidades-2","10":"product_cat-historia-e-memorias","11":"product_tag-arte-portuguesa-catalogos","12":"product_tag-arte-portuguesa-textil","13":"product_tag-bordados","14":"product_tag-catalogos-de-exposicoes","15":"product_tag-coimbra-cidade","16":"product_tag-coimbra-e-seu-distrito","17":"product_tag-exposicoes-de-arte","18":"product_tag-museus-museologia","19":"product_tag-tapecaria","21":"first","22":"instock","23":"purchasable","24":"product-type-simple"},"acf":[],"_links":{"self":[{"href":"https:\/\/livrariaferreira.pt\/en\/wp-json\/wp\/v2\/product\/265280","targetHints":{"allow":["GET"]}}],"collection":[{"href":"https:\/\/livrariaferreira.pt\/en\/wp-json\/wp\/v2\/product"}],"about":[{"href":"https:\/\/livrariaferreira.pt\/en\/wp-json\/wp\/v2\/types\/product"}],"replies":[{"embeddable":true,"href":"https:\/\/livrariaferreira.pt\/en\/wp-json\/wp\/v2\/comments?post=265280"}],"wp:featuredmedia":[{"embeddable":true,"href":"https:\/\/livrariaferreira.pt\/en\/wp-json\/wp\/v2\/media\/192811"}],"wp:attachment":[{"href":"https:\/\/livrariaferreira.pt\/en\/wp-json\/wp\/v2\/media?parent=265280"}],"wp:term":[{"taxonomy":"autor","embeddable":true,"href":"https:\/\/livrariaferreira.pt\/en\/wp-json\/wp\/v2\/autor?post=265280"},{"taxonomy":"boletim-tematico","embeddable":true,"href":"https:\/\/livrariaferreira.pt\/en\/wp-json\/wp\/v2\/boletim-tematico?post=265280"},{"taxonomy":"product_brand","embeddable":true,"href":"https:\/\/livrariaferreira.pt\/en\/wp-json\/wp\/v2\/product_brand?post=265280"},{"taxonomy":"product_cat","embeddable":true,"href":"https:\/\/livrariaferreira.pt\/en\/wp-json\/wp\/v2\/product_cat?post=265280"},{"taxonomy":"product_tag","embeddable":true,"href":"https:\/\/livrariaferreira.pt\/en\/wp-json\/wp\/v2\/product_tag?post=265280"},{"taxonomy":"etiqueta_catalogo","embeddable":true,"href":"https:\/\/livrariaferreira.pt\/en\/wp-json\/wp\/v2\/etiqueta_catalogo?post=265280"}],"curies":[{"name":"wp","href":"https:\/\/api.w.org\/{rel}","templated":true}]}}