{"id":264750,"date":"2025-12-19T02:38:46","date_gmt":"2025-12-19T02:38:46","guid":{"rendered":"https:\/\/livrariaferreira.pt\/produto\/relacao-da-solene-accao-de-gracas-que-o-corpo-do-comercio-da-cidade-do-porto-ord\/"},"modified":"2026-01-08T15:01:52","modified_gmt":"2026-01-08T15:01:52","slug":"relacao-da-solene-accao-de-gracas-que-o-corpo-do-comercio-da-cidade-do-porto-ord","status":"publish","type":"product","link":"https:\/\/livrariaferreira.pt\/en\/produto\/relacao-da-solene-accao-de-gracas-que-o-corpo-do-comercio-da-cidade-do-porto-ord\/","title":{"rendered":"RELA\u00c7AO DA SOLENE AC\u00c7AO DE GRA\u00c7AS QUE O CORPO DO COMERCIO DA CIDADE DO PORTO ORD"},"content":{"rendered":"","protected":false},"excerpt":{"rendered":"","protected":false},"featured_media":264751,"comment_status":"closed","ping_status":"closed","template":"","meta":{"_acf_changed":false},"autor":[35297],"boletim-tematico":[],"product_brand":[],"product_cat":[37586,37587],"product_tag":[37977,37695,37614],"etiqueta_catalogo":[],"class_list":{"0":"post-264750","1":"product","2":"type-product","3":"status-publish","4":"has-post-thumbnail","6":"autor-relacao-da-solene-accao-de-gracas-que-o-corpo-do-comercio-da-cidade-do-porto-ord","7":"product_cat-geografia-viagens-e-localidades-2","8":"product_cat-historia-e-memorias","9":"product_tag-arte-portuguesa-musica","10":"product_tag-historia-de-portugal-1821-1834","11":"product_tag-porto-e-seu-distrito","13":"first","14":"instock","15":"purchasable","16":"product-type-simple"},"acf":[],"_links":{"self":[{"href":"https:\/\/livrariaferreira.pt\/en\/wp-json\/wp\/v2\/product\/264750","targetHints":{"allow":["GET"]}}],"collection":[{"href":"https:\/\/livrariaferreira.pt\/en\/wp-json\/wp\/v2\/product"}],"about":[{"href":"https:\/\/livrariaferreira.pt\/en\/wp-json\/wp\/v2\/types\/product"}],"replies":[{"embeddable":true,"href":"https:\/\/livrariaferreira.pt\/en\/wp-json\/wp\/v2\/comments?post=264750"}],"wp:featuredmedia":[{"embeddable":true,"href":"https:\/\/livrariaferreira.pt\/en\/wp-json\/wp\/v2\/media\/264751"}],"wp:attachment":[{"href":"https:\/\/livrariaferreira.pt\/en\/wp-json\/wp\/v2\/media?parent=264750"}],"wp:term":[{"taxonomy":"autor","embeddable":true,"href":"https:\/\/livrariaferreira.pt\/en\/wp-json\/wp\/v2\/autor?post=264750"},{"taxonomy":"boletim-tematico","embeddable":true,"href":"https:\/\/livrariaferreira.pt\/en\/wp-json\/wp\/v2\/boletim-tematico?post=264750"},{"taxonomy":"product_brand","embeddable":true,"href":"https:\/\/livrariaferreira.pt\/en\/wp-json\/wp\/v2\/product_brand?post=264750"},{"taxonomy":"product_cat","embeddable":true,"href":"https:\/\/livrariaferreira.pt\/en\/wp-json\/wp\/v2\/product_cat?post=264750"},{"taxonomy":"product_tag","embeddable":true,"href":"https:\/\/livrariaferreira.pt\/en\/wp-json\/wp\/v2\/product_tag?post=264750"},{"taxonomy":"etiqueta_catalogo","embeddable":true,"href":"https:\/\/livrariaferreira.pt\/en\/wp-json\/wp\/v2\/etiqueta_catalogo?post=264750"}],"curies":[{"name":"wp","href":"https:\/\/api.w.org\/{rel}","templated":true}]}}