{"id":263833,"date":"2025-12-19T03:36:15","date_gmt":"2025-12-19T03:36:15","guid":{"rendered":"https:\/\/livrariaferreira.pt\/produto\/sermao-de-accao-de-gracas-pelo-feliz-ajuntamento-dos-representantes-da-nacao-portuguesa-e-instalacao-das-cortes-na-cidade-de-lisboa\/"},"modified":"2026-01-08T13:12:00","modified_gmt":"2026-01-08T13:12:00","slug":"sermao-de-accao-de-gracas-pelo-feliz-ajuntamento-dos-representantes-da-nacao-portuguesa-e-instalacao-das-cortes-na-cidade-de-lisboa","status":"publish","type":"product","link":"https:\/\/livrariaferreira.pt\/en\/produto\/sermao-de-accao-de-gracas-pelo-feliz-ajuntamento-dos-representantes-da-nacao-portuguesa-e-instalacao-das-cortes-na-cidade-de-lisboa\/","title":{"rendered":"SERMAO DE AC\u00c7AO DE GRA\u00c7AS PELO FELIZ AJUNTAMENTO DOS REPRESENTANTES DA NA\u00c7AO PORTUGUESA E INSTALA\u00c7AO DAS CORTES NA CIDADE DE LISBOA"},"content":{"rendered":"","protected":false},"excerpt":{"rendered":"","protected":false},"featured_media":247127,"comment_status":"closed","ping_status":"closed","template":"","meta":{"_acf_changed":false},"autor":[37021],"boletim-tematico":[],"product_brand":[],"product_cat":[37587],"product_tag":[37794,37695,37662,37663],"etiqueta_catalogo":[],"class_list":{"0":"post-263833","1":"product","2":"type-product","3":"status-publish","4":"has-post-thumbnail","6":"autor-lisboa-vicente-da-santa-rita","7":"product_cat-historia-e-memorias","8":"product_tag-constitucionalismo","9":"product_tag-historia-de-portugal-1821-1834","10":"product_tag-liberalismo","11":"product_tag-politica-portuguesa-sec-xix","13":"first","14":"instock","15":"purchasable","16":"product-type-simple"},"acf":[],"_links":{"self":[{"href":"https:\/\/livrariaferreira.pt\/en\/wp-json\/wp\/v2\/product\/263833","targetHints":{"allow":["GET"]}}],"collection":[{"href":"https:\/\/livrariaferreira.pt\/en\/wp-json\/wp\/v2\/product"}],"about":[{"href":"https:\/\/livrariaferreira.pt\/en\/wp-json\/wp\/v2\/types\/product"}],"replies":[{"embeddable":true,"href":"https:\/\/livrariaferreira.pt\/en\/wp-json\/wp\/v2\/comments?post=263833"}],"wp:featuredmedia":[{"embeddable":true,"href":"https:\/\/livrariaferreira.pt\/en\/wp-json\/wp\/v2\/media\/247127"}],"wp:attachment":[{"href":"https:\/\/livrariaferreira.pt\/en\/wp-json\/wp\/v2\/media?parent=263833"}],"wp:term":[{"taxonomy":"autor","embeddable":true,"href":"https:\/\/livrariaferreira.pt\/en\/wp-json\/wp\/v2\/autor?post=263833"},{"taxonomy":"boletim-tematico","embeddable":true,"href":"https:\/\/livrariaferreira.pt\/en\/wp-json\/wp\/v2\/boletim-tematico?post=263833"},{"taxonomy":"product_brand","embeddable":true,"href":"https:\/\/livrariaferreira.pt\/en\/wp-json\/wp\/v2\/product_brand?post=263833"},{"taxonomy":"product_cat","embeddable":true,"href":"https:\/\/livrariaferreira.pt\/en\/wp-json\/wp\/v2\/product_cat?post=263833"},{"taxonomy":"product_tag","embeddable":true,"href":"https:\/\/livrariaferreira.pt\/en\/wp-json\/wp\/v2\/product_tag?post=263833"},{"taxonomy":"etiqueta_catalogo","embeddable":true,"href":"https:\/\/livrariaferreira.pt\/en\/wp-json\/wp\/v2\/etiqueta_catalogo?post=263833"}],"curies":[{"name":"wp","href":"https:\/\/api.w.org\/{rel}","templated":true}]}}