{"id":263729,"date":"2025-12-19T03:41:13","date_gmt":"2025-12-19T03:41:13","guid":{"rendered":"https:\/\/livrariaferreira.pt\/produto\/restauracao-e-a-aclamacao-de-dom-joao-iv-na-cidade-dos-vice-reis-da-india-em-11-de-setembro\/"},"modified":"2026-01-08T13:15:44","modified_gmt":"2026-01-08T13:15:44","slug":"restauracao-e-a-aclamacao-de-dom-joao-iv-na-cidade-dos-vice-reis-da-india-em-11-de-setembro","status":"publish","type":"product","link":"https:\/\/livrariaferreira.pt\/en\/produto\/restauracao-e-a-aclamacao-de-dom-joao-iv-na-cidade-dos-vice-reis-da-india-em-11-de-setembro\/","title":{"rendered":"RESTAURA\u00c7AO E A ACLAMA\u00c7AO DE DOM JO\u00c3O IV NA CIDADE DOS VICE-REIS DA INDIA EM 11 DE SETEMBRO"},"content":{"rendered":"","protected":false},"excerpt":{"rendered":"","protected":false},"featured_media":246929,"comment_status":"closed","ping_status":"closed","template":"","meta":{"_acf_changed":false},"autor":[37169],"boletim-tematico":[],"product_brand":[],"product_cat":[37586,37587],"product_tag":[37819,38508,37966,37885,37599,37741],"etiqueta_catalogo":[],"class_list":{"0":"post-263729","1":"product","2":"type-product","3":"status-publish","4":"has-post-thumbnail","6":"autor-martins-jose-frederico-ferreira","7":"product_cat-geografia-viagens-e-localidades-2","8":"product_cat-historia-e-memorias","9":"product_tag-conferencias","10":"product_tag-d-joao-iv","11":"product_tag-exposicao-colonial","12":"product_tag-india-presenca-e-territorios-portugueses","13":"product_tag-oriente","14":"product_tag-restauracao-1640-1668","16":"first","17":"instock","18":"purchasable","19":"product-type-simple"},"acf":[],"_links":{"self":[{"href":"https:\/\/livrariaferreira.pt\/en\/wp-json\/wp\/v2\/product\/263729","targetHints":{"allow":["GET"]}}],"collection":[{"href":"https:\/\/livrariaferreira.pt\/en\/wp-json\/wp\/v2\/product"}],"about":[{"href":"https:\/\/livrariaferreira.pt\/en\/wp-json\/wp\/v2\/types\/product"}],"replies":[{"embeddable":true,"href":"https:\/\/livrariaferreira.pt\/en\/wp-json\/wp\/v2\/comments?post=263729"}],"wp:featuredmedia":[{"embeddable":true,"href":"https:\/\/livrariaferreira.pt\/en\/wp-json\/wp\/v2\/media\/246929"}],"wp:attachment":[{"href":"https:\/\/livrariaferreira.pt\/en\/wp-json\/wp\/v2\/media?parent=263729"}],"wp:term":[{"taxonomy":"autor","embeddable":true,"href":"https:\/\/livrariaferreira.pt\/en\/wp-json\/wp\/v2\/autor?post=263729"},{"taxonomy":"boletim-tematico","embeddable":true,"href":"https:\/\/livrariaferreira.pt\/en\/wp-json\/wp\/v2\/boletim-tematico?post=263729"},{"taxonomy":"product_brand","embeddable":true,"href":"https:\/\/livrariaferreira.pt\/en\/wp-json\/wp\/v2\/product_brand?post=263729"},{"taxonomy":"product_cat","embeddable":true,"href":"https:\/\/livrariaferreira.pt\/en\/wp-json\/wp\/v2\/product_cat?post=263729"},{"taxonomy":"product_tag","embeddable":true,"href":"https:\/\/livrariaferreira.pt\/en\/wp-json\/wp\/v2\/product_tag?post=263729"},{"taxonomy":"etiqueta_catalogo","embeddable":true,"href":"https:\/\/livrariaferreira.pt\/en\/wp-json\/wp\/v2\/etiqueta_catalogo?post=263729"}],"curies":[{"name":"wp","href":"https:\/\/api.w.org\/{rel}","templated":true}]}}