{"id":261383,"date":"2026-02-27T20:01:23","date_gmt":"2026-02-27T20:01:23","guid":{"rendered":"https:\/\/livrariaferreira.pt\/produto\/sao-goncalo-de-amarante-formas-e-persistencias-do-seu-culto-instituicao-da-ordem-terceira-de-s-domingos\/"},"modified":"2026-02-27T20:01:26","modified_gmt":"2026-02-27T20:01:26","slug":"sao-goncalo-de-amarante-formas-e-persistencias-do-seu-culto-instituicao-da-ordem-terceira-de-s-domingos","status":"publish","type":"product","link":"https:\/\/livrariaferreira.pt\/en\/produto\/sao-goncalo-de-amarante-formas-e-persistencias-do-seu-culto-instituicao-da-ordem-terceira-de-s-domingos\/","title":{"rendered":"SAO GON\u00c7ALO DE AMARANTE. Formas e Persist\u00eancias do seu Culto. Institui\u00e7\u00e3o da Ordem Terceira de S. Domingos"},"content":{"rendered":"","protected":false},"excerpt":{"rendered":"","protected":false},"featured_media":269814,"comment_status":"closed","ping_status":"open","template":"","meta":{"_acf_changed":false},"autor":[35692],"boletim-tematico":[],"product_brand":[],"product_cat":[37587],"product_tag":[37886,38178,38323,37614,37884,37718],"etiqueta_catalogo":[],"class_list":{"0":"post-261383","1":"product","2":"type-product","3":"status-publish","4":"has-post-thumbnail","6":"autor-cardoso-antonio","7":"product_cat-historia-e-memorias","8":"product_tag-amarante-porto","9":"product_tag-arte-sacra","10":"product_tag-ordens-monasticas-militares-e-religiosas","11":"product_tag-porto-e-seu-distrito","12":"product_tag-religiao-culto","13":"product_tag-religiosidade-espiritualidade","15":"first","16":"instock","17":"purchasable","18":"product-type-simple"},"acf":[],"_links":{"self":[{"href":"https:\/\/livrariaferreira.pt\/en\/wp-json\/wp\/v2\/product\/261383","targetHints":{"allow":["GET"]}}],"collection":[{"href":"https:\/\/livrariaferreira.pt\/en\/wp-json\/wp\/v2\/product"}],"about":[{"href":"https:\/\/livrariaferreira.pt\/en\/wp-json\/wp\/v2\/types\/product"}],"replies":[{"embeddable":true,"href":"https:\/\/livrariaferreira.pt\/en\/wp-json\/wp\/v2\/comments?post=261383"}],"wp:featuredmedia":[{"embeddable":true,"href":"https:\/\/livrariaferreira.pt\/en\/wp-json\/wp\/v2\/media\/269814"}],"wp:attachment":[{"href":"https:\/\/livrariaferreira.pt\/en\/wp-json\/wp\/v2\/media?parent=261383"}],"wp:term":[{"taxonomy":"autor","embeddable":true,"href":"https:\/\/livrariaferreira.pt\/en\/wp-json\/wp\/v2\/autor?post=261383"},{"taxonomy":"boletim-tematico","embeddable":true,"href":"https:\/\/livrariaferreira.pt\/en\/wp-json\/wp\/v2\/boletim-tematico?post=261383"},{"taxonomy":"product_brand","embeddable":true,"href":"https:\/\/livrariaferreira.pt\/en\/wp-json\/wp\/v2\/product_brand?post=261383"},{"taxonomy":"product_cat","embeddable":true,"href":"https:\/\/livrariaferreira.pt\/en\/wp-json\/wp\/v2\/product_cat?post=261383"},{"taxonomy":"product_tag","embeddable":true,"href":"https:\/\/livrariaferreira.pt\/en\/wp-json\/wp\/v2\/product_tag?post=261383"},{"taxonomy":"etiqueta_catalogo","embeddable":true,"href":"https:\/\/livrariaferreira.pt\/en\/wp-json\/wp\/v2\/etiqueta_catalogo?post=261383"}],"curies":[{"name":"wp","href":"https:\/\/api.w.org\/{rel}","templated":true}]}}