 {"id":260914,"date":"2025-12-19T03:05:47","date_gmt":"2025-12-19T03:05:47","guid":{"rendered":"https:\/\/livrariaferreira.pt\/produto\/manuscrito-do-seculo-xviii-sobre-variadissimos-assuntos-remetidos-para-as-ordenacoes\/"},"modified":"2026-01-08T12:57:45","modified_gmt":"2026-01-08T12:57:45","slug":"manuscrito-do-seculo-xviii-sobre-variadissimos-assuntos-remetidos-para-as-ordenacoes","status":"publish","type":"product","link":"https:\/\/livrariaferreira.pt\/en\/produto\/manuscrito-do-seculo-xviii-sobre-variadissimos-assuntos-remetidos-para-as-ordenacoes\/","title":{"rendered":"MANUSCRITO DO SECULO XVIII SOBRE VARIAD\u00cdSSIMOS ASSUNTOS REMETIDOS PARA AS ORDENA\u00c7\u00d5ES"},"content":{"rendered":"","protected":false},"excerpt":{"rendered":"","protected":false},"featured_media":260915,"comment_status":"closed","ping_status":"closed","template":"","meta":{"_acf_changed":false},"autor":[36178],"boletim-tematico":[],"product_brand":[],"product_cat":[37587,37807],"product_tag":[37808,38323,37614],"etiqueta_catalogo":[],"class_list":{"0":"post-260914","1":"product","2":"type-product","3":"status-publish","4":"has-post-thumbnail","6":"autor-manuscrito-do-seculo-xviii-sobre-variadissimos-assuntos-remetidos-para-as-ordenacoes","7":"product_cat-historia-e-memorias","8":"product_cat-manuscritos-datiloescritos-e-fotografias-originais","9":"product_tag-manuscritos","10":"product_tag-ordens-monasticas-militares-e-religiosas","11":"product_tag-porto-e-seu-distrito","13":"first","14":"instock","15":"purchasable","16":"product-type-simple"},"acf":[],"_links":{"self":[{"href":"https:\/\/livrariaferreira.pt\/en\/wp-json\/wp\/v2\/product\/260914","targetHints":{"allow":["GET"]}}],"collection":[{"href":"https:\/\/livrariaferreira.pt\/en\/wp-json\/wp\/v2\/product"}],"about":[{"href":"https:\/\/livrariaferreira.pt\/en\/wp-json\/wp\/v2\/types\/product"}],"replies":[{"embeddable":true,"href":"https:\/\/livrariaferreira.pt\/en\/wp-json\/wp\/v2\/comments?post=260914"}],"wp:featuredmedia":[{"embeddable":true,"href":"https:\/\/livrariaferreira.pt\/en\/wp-json\/wp\/v2\/media\/260915"}],"wp:attachment":[{"href":"https:\/\/livrariaferreira.pt\/en\/wp-json\/wp\/v2\/media?parent=260914"}],"wp:term":[{"taxonomy":"autor","embeddable":true,"href":"https:\/\/livrariaferreira.pt\/en\/wp-json\/wp\/v2\/autor?post=260914"},{"taxonomy":"boletim-tematico","embeddable":true,"href":"https:\/\/livrariaferreira.pt\/en\/wp-json\/wp\/v2\/boletim-tematico?post=260914"},{"taxonomy":"product_brand","embeddable":true,"href":"https:\/\/livrariaferreira.pt\/en\/wp-json\/wp\/v2\/product_brand?post=260914"},{"taxonomy":"product_cat","embeddable":true,"href":"https:\/\/livrariaferreira.pt\/en\/wp-json\/wp\/v2\/product_cat?post=260914"},{"taxonomy":"product_tag","embeddable":true,"href":"https:\/\/livrariaferreira.pt\/en\/wp-json\/wp\/v2\/product_tag?post=260914"},{"taxonomy":"etiqueta_catalogo","embeddable":true,"href":"https:\/\/livrariaferreira.pt\/en\/wp-json\/wp\/v2\/etiqueta_catalogo?post=260914"}],"curies":[{"name":"wp","href":"https:\/\/api.w.org\/{rel}","templated":true}]}}