{"id":260311,"date":"2025-12-19T03:28:01","date_gmt":"2025-12-19T03:28:01","guid":{"rendered":"https:\/\/livrariaferreira.pt\/produto\/aos-andarilhos-e-cocheiros-de-sertos-fidalgos-hindo-acoutar-pa-as-galles-por-toda-a-vida-pella-dezatencao-q-fiserao-ao-juiz-ordinario-de-odivellas\/"},"modified":"2026-01-08T13:08:17","modified_gmt":"2026-01-08T13:08:17","slug":"aos-andarilhos-e-cocheiros-de-sertos-fidalgos-hindo-acoutar-pa-as-galles-por-toda-a-vida-pella-dezatencao-q-fiserao-ao-juiz-ordinario-de-odivellas","status":"publish","type":"product","link":"https:\/\/livrariaferreira.pt\/en\/produto\/aos-andarilhos-e-cocheiros-de-sertos-fidalgos-hindo-acoutar-pa-as-galles-por-toda-a-vida-pella-dezatencao-q-fiserao-ao-juiz-ordinario-de-odivellas\/","title":{"rendered":"Aos Andarilhos e cocheiros de sertos fidalgos hindo acoutar p\u00aa as galles por toda a vida pella dezaten\u00e7a\u00f5 q. fisera\u00f5 ao Juiz Ordinario de Odivellas."},"content":{"rendered":"","protected":false},"excerpt":{"rendered":"","protected":false},"featured_media":247475,"comment_status":"closed","ping_status":"closed","template":"","meta":{"_acf_changed":false},"autor":[36834],"boletim-tematico":[],"product_brand":[],"product_cat":[37586,37601,37807],"product_tag":[37651,37604,37808,38212],"etiqueta_catalogo":[],"class_list":{"0":"post-260311","1":"product","2":"type-product","3":"status-publish","4":"has-post-thumbnail","6":"autor-aos-andarilhos-e-cocheiros-de-sertos-fidalgos-hindo-acoutar-pa-as-galles-por-toda-a-vida-pella-dezatencao-q-fiserao-ao-juiz-ordinario-de-odivellas","7":"product_cat-geografia-viagens-e-localidades-2","8":"product_cat-literatura","9":"product_cat-manuscritos-datiloescritos-e-fotografias-originais","10":"product_tag-lisboa-e-seu-distrito","11":"product_tag-literatura-portuguesa","12":"product_tag-manuscritos","13":"product_tag-odivelas-lisboa","15":"first","16":"instock","17":"purchasable","18":"product-type-simple"},"acf":[],"_links":{"self":[{"href":"https:\/\/livrariaferreira.pt\/en\/wp-json\/wp\/v2\/product\/260311","targetHints":{"allow":["GET"]}}],"collection":[{"href":"https:\/\/livrariaferreira.pt\/en\/wp-json\/wp\/v2\/product"}],"about":[{"href":"https:\/\/livrariaferreira.pt\/en\/wp-json\/wp\/v2\/types\/product"}],"replies":[{"embeddable":true,"href":"https:\/\/livrariaferreira.pt\/en\/wp-json\/wp\/v2\/comments?post=260311"}],"wp:featuredmedia":[{"embeddable":true,"href":"https:\/\/livrariaferreira.pt\/en\/wp-json\/wp\/v2\/media\/247475"}],"wp:attachment":[{"href":"https:\/\/livrariaferreira.pt\/en\/wp-json\/wp\/v2\/media?parent=260311"}],"wp:term":[{"taxonomy":"autor","embeddable":true,"href":"https:\/\/livrariaferreira.pt\/en\/wp-json\/wp\/v2\/autor?post=260311"},{"taxonomy":"boletim-tematico","embeddable":true,"href":"https:\/\/livrariaferreira.pt\/en\/wp-json\/wp\/v2\/boletim-tematico?post=260311"},{"taxonomy":"product_brand","embeddable":true,"href":"https:\/\/livrariaferreira.pt\/en\/wp-json\/wp\/v2\/product_brand?post=260311"},{"taxonomy":"product_cat","embeddable":true,"href":"https:\/\/livrariaferreira.pt\/en\/wp-json\/wp\/v2\/product_cat?post=260311"},{"taxonomy":"product_tag","embeddable":true,"href":"https:\/\/livrariaferreira.pt\/en\/wp-json\/wp\/v2\/product_tag?post=260311"},{"taxonomy":"etiqueta_catalogo","embeddable":true,"href":"https:\/\/livrariaferreira.pt\/en\/wp-json\/wp\/v2\/etiqueta_catalogo?post=260311"}],"curies":[{"name":"wp","href":"https:\/\/api.w.org\/{rel}","templated":true}]}}