{"id":259998,"date":"2025-12-19T03:39:34","date_gmt":"2025-12-19T03:39:34","guid":{"rendered":"https:\/\/livrariaferreira.pt\/produto\/por-determinar-a-junta-do-serenissimo-estado-e-casa-de-braganca-em-accao-de-grac\/"},"modified":"2026-01-08T13:14:26","modified_gmt":"2026-01-08T13:14:26","slug":"por-determinar-a-junta-do-serenissimo-estado-e-casa-de-braganca-em-accao-de-grac","status":"publish","type":"product","link":"https:\/\/livrariaferreira.pt\/en\/produto\/por-determinar-a-junta-do-serenissimo-estado-e-casa-de-braganca-em-accao-de-grac\/","title":{"rendered":"POR DETERMINAR A JUNTA DO SERENISSIMO ESTADO E CASA DE BRAGAN\u00c7A Em ac\u00e7ao de gra\u00e7"},"content":{"rendered":"","protected":false},"excerpt":{"rendered":"","protected":false},"featured_media":247052,"comment_status":"closed","ping_status":"closed","template":"","meta":{"_acf_changed":false},"autor":[37119],"boletim-tematico":[],"product_brand":[],"product_cat":[37587,37601],"product_tag":[37700,37706,37604,37639],"etiqueta_catalogo":[],"class_list":{"0":"post-259998","1":"product","2":"type-product","3":"status-publish","4":"has-post-thumbnail","6":"autor-por-determinar-a-junta-do-serenissimo-estado-e-casa-de-braganca-em-accao-de-grac","7":"product_cat-historia-e-memorias","8":"product_cat-literatura","9":"product_tag-d-jose","10":"product_tag-literatura-panegirica","11":"product_tag-literatura-portuguesa","12":"product_tag-poesia-portuguesa","14":"first","15":"instock","16":"purchasable","17":"product-type-simple"},"acf":[],"_links":{"self":[{"href":"https:\/\/livrariaferreira.pt\/en\/wp-json\/wp\/v2\/product\/259998","targetHints":{"allow":["GET"]}}],"collection":[{"href":"https:\/\/livrariaferreira.pt\/en\/wp-json\/wp\/v2\/product"}],"about":[{"href":"https:\/\/livrariaferreira.pt\/en\/wp-json\/wp\/v2\/types\/product"}],"replies":[{"embeddable":true,"href":"https:\/\/livrariaferreira.pt\/en\/wp-json\/wp\/v2\/comments?post=259998"}],"wp:featuredmedia":[{"embeddable":true,"href":"https:\/\/livrariaferreira.pt\/en\/wp-json\/wp\/v2\/media\/247052"}],"wp:attachment":[{"href":"https:\/\/livrariaferreira.pt\/en\/wp-json\/wp\/v2\/media?parent=259998"}],"wp:term":[{"taxonomy":"autor","embeddable":true,"href":"https:\/\/livrariaferreira.pt\/en\/wp-json\/wp\/v2\/autor?post=259998"},{"taxonomy":"boletim-tematico","embeddable":true,"href":"https:\/\/livrariaferreira.pt\/en\/wp-json\/wp\/v2\/boletim-tematico?post=259998"},{"taxonomy":"product_brand","embeddable":true,"href":"https:\/\/livrariaferreira.pt\/en\/wp-json\/wp\/v2\/product_brand?post=259998"},{"taxonomy":"product_cat","embeddable":true,"href":"https:\/\/livrariaferreira.pt\/en\/wp-json\/wp\/v2\/product_cat?post=259998"},{"taxonomy":"product_tag","embeddable":true,"href":"https:\/\/livrariaferreira.pt\/en\/wp-json\/wp\/v2\/product_tag?post=259998"},{"taxonomy":"etiqueta_catalogo","embeddable":true,"href":"https:\/\/livrariaferreira.pt\/en\/wp-json\/wp\/v2\/etiqueta_catalogo?post=259998"}],"curies":[{"name":"wp","href":"https:\/\/api.w.org\/{rel}","templated":true}]}}