{"id":259405,"date":"2025-12-19T03:52:31","date_gmt":"2025-12-19T03:52:31","guid":{"rendered":"https:\/\/livrariaferreira.pt\/produto\/livros-de-prazos-da-quinta-de-vilaca-freguesias-de-aveleda-vilaca-s-martinho-de-fradelos-sequeira-ruilhe-cabreiros-s-juliao-de-passos-s-miguel-da-carreira-salvador-do-campo-livro-de-prazo\/"},"modified":"2026-02-18T18:30:58","modified_gmt":"2026-02-18T18:30:58","slug":"livros-de-prazos-da-quinta-de-vilaca-freguesias-de-aveleda-vilaca-s-martinho-de-fradelos-sequeira-ruilhe-cabreiros-s-juliao-de-passos-s-miguel-da-carreira-salvador-do-campo-livro-de-prazo","status":"publish","type":"product","link":"https:\/\/livrariaferreira.pt\/en\/produto\/livros-de-prazos-da-quinta-de-vilaca-freguesias-de-aveleda-vilaca-s-martinho-de-fradelos-sequeira-ruilhe-cabreiros-s-juliao-de-passos-s-miguel-da-carreira-salvador-do-campo-livro-de-prazo\/","title":{"rendered":"LIVROS DE PRAZOS DA QUINTA DE VILA\u00c7A: Freguesias de Aveleda, Vila\u00e7a, S. Martinho de Fradelos, Sequeira, Ru\u00edlhe, Cabreiros, S. Juli\u00e3o de Passos, S. Miguel da Carreira, Salvador do Campo. LIVRO DE PRAZOS FOREIROS \u00c1 QUINTA DE VILA\u00c7A"},"content":{"rendered":"","protected":false},"excerpt":{"rendered":"","protected":false},"featured_media":267438,"comment_status":"closed","ping_status":"closed","template":"","meta":{"_acf_changed":false},"autor":[],"boletim-tematico":[],"product_brand":[],"product_cat":[37586,37587,37807],"product_tag":[37728,37808],"etiqueta_catalogo":[],"class_list":{"0":"post-259405","1":"product","2":"type-product","3":"status-publish","4":"has-post-thumbnail","6":"product_cat-geografia-viagens-e-localidades-2","7":"product_cat-historia-e-memorias","8":"product_cat-manuscritos-datiloescritos-e-fotografias-originais","9":"product_tag-braga-e-seu-distrito","10":"product_tag-manuscritos","12":"first","13":"instock","14":"purchasable","15":"product-type-simple"},"acf":[],"_links":{"self":[{"href":"https:\/\/livrariaferreira.pt\/en\/wp-json\/wp\/v2\/product\/259405","targetHints":{"allow":["GET"]}}],"collection":[{"href":"https:\/\/livrariaferreira.pt\/en\/wp-json\/wp\/v2\/product"}],"about":[{"href":"https:\/\/livrariaferreira.pt\/en\/wp-json\/wp\/v2\/types\/product"}],"replies":[{"embeddable":true,"href":"https:\/\/livrariaferreira.pt\/en\/wp-json\/wp\/v2\/comments?post=259405"}],"wp:featuredmedia":[{"embeddable":true,"href":"https:\/\/livrariaferreira.pt\/en\/wp-json\/wp\/v2\/media\/267438"}],"wp:attachment":[{"href":"https:\/\/livrariaferreira.pt\/en\/wp-json\/wp\/v2\/media?parent=259405"}],"wp:term":[{"taxonomy":"autor","embeddable":true,"href":"https:\/\/livrariaferreira.pt\/en\/wp-json\/wp\/v2\/autor?post=259405"},{"taxonomy":"boletim-tematico","embeddable":true,"href":"https:\/\/livrariaferreira.pt\/en\/wp-json\/wp\/v2\/boletim-tematico?post=259405"},{"taxonomy":"product_brand","embeddable":true,"href":"https:\/\/livrariaferreira.pt\/en\/wp-json\/wp\/v2\/product_brand?post=259405"},{"taxonomy":"product_cat","embeddable":true,"href":"https:\/\/livrariaferreira.pt\/en\/wp-json\/wp\/v2\/product_cat?post=259405"},{"taxonomy":"product_tag","embeddable":true,"href":"https:\/\/livrariaferreira.pt\/en\/wp-json\/wp\/v2\/product_tag?post=259405"},{"taxonomy":"etiqueta_catalogo","embeddable":true,"href":"https:\/\/livrariaferreira.pt\/en\/wp-json\/wp\/v2\/etiqueta_catalogo?post=259405"}],"curies":[{"name":"wp","href":"https:\/\/api.w.org\/{rel}","templated":true}]}}