{"id":259330,"date":"2026-02-25T17:53:24","date_gmt":"2026-02-25T17:53:24","guid":{"rendered":"https:\/\/livrariaferreira.pt\/produto\/contribuicao-para-o-estudo-dos-fenomenos-de-oxidacao-reducao-no-vinho-do-porto\/"},"modified":"2026-02-25T17:53:26","modified_gmt":"2026-02-25T17:53:26","slug":"contribuicao-para-o-estudo-dos-fenomenos-de-oxidacao-reducao-no-vinho-do-porto","status":"publish","type":"product","link":"https:\/\/livrariaferreira.pt\/en\/produto\/contribuicao-para-o-estudo-dos-fenomenos-de-oxidacao-reducao-no-vinho-do-porto\/","title":{"rendered":"CONTRIBUI\u00c7AO PARA O ESTUDO DOS FENOMENOS DE OXIDA\u00c7AO REDU\u00c7AO NO VINHO DO PORTO"},"content":{"rendered":"","protected":false},"excerpt":{"rendered":"","protected":false},"featured_media":246362,"comment_status":"closed","ping_status":"open","template":"","meta":{"_acf_changed":false},"autor":[37435],"boletim-tematico":[],"product_brand":[],"product_cat":[37730,37586],"product_tag":[37841,37775,37743,37842,37744],"etiqueta_catalogo":[],"class_list":{"0":"post-259330","1":"product","2":"type-product","3":"status-publish","4":"has-post-thumbnail","6":"autor-almeida-humberto-de","7":"product_cat-ciencias-pseudociencias-e-tecnicas-aplicadas","8":"product_cat-geografia-viagens-e-localidades-2","9":"product_tag-ciencias-exactas-quimica","10":"product_tag-douro-regiao","11":"product_tag-enologia","12":"product_tag-quimica-ciencias-exactas","13":"product_tag-vinhos","15":"first","16":"instock","17":"purchasable","18":"product-type-simple"},"acf":[],"_links":{"self":[{"href":"https:\/\/livrariaferreira.pt\/en\/wp-json\/wp\/v2\/product\/259330","targetHints":{"allow":["GET"]}}],"collection":[{"href":"https:\/\/livrariaferreira.pt\/en\/wp-json\/wp\/v2\/product"}],"about":[{"href":"https:\/\/livrariaferreira.pt\/en\/wp-json\/wp\/v2\/types\/product"}],"replies":[{"embeddable":true,"href":"https:\/\/livrariaferreira.pt\/en\/wp-json\/wp\/v2\/comments?post=259330"}],"wp:featuredmedia":[{"embeddable":true,"href":"https:\/\/livrariaferreira.pt\/en\/wp-json\/wp\/v2\/media\/246362"}],"wp:attachment":[{"href":"https:\/\/livrariaferreira.pt\/en\/wp-json\/wp\/v2\/media?parent=259330"}],"wp:term":[{"taxonomy":"autor","embeddable":true,"href":"https:\/\/livrariaferreira.pt\/en\/wp-json\/wp\/v2\/autor?post=259330"},{"taxonomy":"boletim-tematico","embeddable":true,"href":"https:\/\/livrariaferreira.pt\/en\/wp-json\/wp\/v2\/boletim-tematico?post=259330"},{"taxonomy":"product_brand","embeddable":true,"href":"https:\/\/livrariaferreira.pt\/en\/wp-json\/wp\/v2\/product_brand?post=259330"},{"taxonomy":"product_cat","embeddable":true,"href":"https:\/\/livrariaferreira.pt\/en\/wp-json\/wp\/v2\/product_cat?post=259330"},{"taxonomy":"product_tag","embeddable":true,"href":"https:\/\/livrariaferreira.pt\/en\/wp-json\/wp\/v2\/product_tag?post=259330"},{"taxonomy":"etiqueta_catalogo","embeddable":true,"href":"https:\/\/livrariaferreira.pt\/en\/wp-json\/wp\/v2\/etiqueta_catalogo?post=259330"}],"curies":[{"name":"wp","href":"https:\/\/api.w.org\/{rel}","templated":true}]}}