{"id":259042,"date":"2025-12-19T10:43:11","date_gmt":"2025-12-19T10:43:11","guid":{"rendered":"https:\/\/livrariaferreira.pt\/produto\/catalogo-do-leilao-da-coleccao-de-mapas-e-gravuras-de-margit-dreyer\/"},"modified":"2026-01-08T10:05:51","modified_gmt":"2026-01-08T10:05:51","slug":"catalogo-do-leilao-da-coleccao-de-mapas-e-gravuras-de-margit-dreyer","status":"publish","type":"product","link":"https:\/\/livrariaferreira.pt\/en\/produto\/catalogo-do-leilao-da-coleccao-de-mapas-e-gravuras-de-margit-dreyer\/","title":{"rendered":"Cat\u00e1logo do leil\u00e3o da colec\u00e7\u00e3o de mapas e gravuras de Margit Dreyer"},"content":{"rendered":"","protected":false},"excerpt":{"rendered":"","protected":false},"featured_media":0,"comment_status":"closed","ping_status":"closed","template":"","meta":{"_acf_changed":false},"autor":[],"boletim-tematico":[],"product_brand":[],"product_cat":[],"product_tag":[],"etiqueta_catalogo":[],"class_list":{"0":"post-259042","1":"product","2":"type-product","3":"status-publish","6":"first","7":"outofstock","8":"product-type-simple"},"acf":[],"_links":{"self":[{"href":"https:\/\/livrariaferreira.pt\/en\/wp-json\/wp\/v2\/product\/259042","targetHints":{"allow":["GET"]}}],"collection":[{"href":"https:\/\/livrariaferreira.pt\/en\/wp-json\/wp\/v2\/product"}],"about":[{"href":"https:\/\/livrariaferreira.pt\/en\/wp-json\/wp\/v2\/types\/product"}],"replies":[{"embeddable":true,"href":"https:\/\/livrariaferreira.pt\/en\/wp-json\/wp\/v2\/comments?post=259042"}],"wp:attachment":[{"href":"https:\/\/livrariaferreira.pt\/en\/wp-json\/wp\/v2\/media?parent=259042"}],"wp:term":[{"taxonomy":"autor","embeddable":true,"href":"https:\/\/livrariaferreira.pt\/en\/wp-json\/wp\/v2\/autor?post=259042"},{"taxonomy":"boletim-tematico","embeddable":true,"href":"https:\/\/livrariaferreira.pt\/en\/wp-json\/wp\/v2\/boletim-tematico?post=259042"},{"taxonomy":"product_brand","embeddable":true,"href":"https:\/\/livrariaferreira.pt\/en\/wp-json\/wp\/v2\/product_brand?post=259042"},{"taxonomy":"product_cat","embeddable":true,"href":"https:\/\/livrariaferreira.pt\/en\/wp-json\/wp\/v2\/product_cat?post=259042"},{"taxonomy":"product_tag","embeddable":true,"href":"https:\/\/livrariaferreira.pt\/en\/wp-json\/wp\/v2\/product_tag?post=259042"},{"taxonomy":"etiqueta_catalogo","embeddable":true,"href":"https:\/\/livrariaferreira.pt\/en\/wp-json\/wp\/v2\/etiqueta_catalogo?post=259042"}],"curies":[{"name":"wp","href":"https:\/\/api.w.org\/{rel}","templated":true}]}}